{"id":241,"date":"2021-04-30T16:59:49","date_gmt":"2021-04-30T16:59:49","guid":{"rendered":"https:\/\/preview.treethemes.com\/hazel\/demo3\/?page_id=241"},"modified":"2024-09-11T13:11:37","modified_gmt":"2024-09-11T13:11:37","slug":"about-2","status":"publish","type":"page","link":"https:\/\/mondodo.ci\/index.php\/about-2\/","title":{"rendered":"A propos"},"content":{"rendered":"<section class=\"wpb-content-wrapper\"><p>[vc_row css=\u00a0\u00bb.vc_custom_1481576227367{margin-top: 120px !important;margin-bottom: 60px !important;}\u00a0\u00bb][vc_column]<div id=\"ultimate-heading-994169dfcdbf97d4a\" class=\"uvc-heading ult-adjust-bottom-margin ultimate-heading-994169dfcdbf97d4a uvc-6564 \" data-hspacer=\"line_only\"  data-halign=\"center\" style=\"text-align:center\"><div class=\"uvc-heading-spacer line_only\" style=\"margin-bottom:40px;height:40px;\"><span class=\"uvc-headings-line\" style=\"border-style:solid;border-bottom-width:40px;border-color:#ccc;width:1px;\"><\/span><\/div><\/div>[vc_custom_heading text=\u00a0\u00bbBIENVENUE CHEZ MONDODO\u00a0\u00bb font_container=\u00a0\u00bbtag:h6|text_align:center\u00a0\u00bb use_theme_fonts=\u00a0\u00bbyes\u00a0\u00bb][vc_custom_heading text=\u00a0\u00bbA NOTRE PROPOS\u00a0\u00bb font_container=\u00a0\u00bbtag:h2|font_size:50px|text_align:center\u00a0\u00bb use_theme_fonts=\u00a0\u00bbyes\u00a0\u00bb][\/vc_column][\/vc_row][vc_row css=\u00a0\u00bb.vc_custom_1483915247814{padding-top: 40px !important;padding-bottom: 100px !important;}\u00a0\u00bb][vc_column css_animation=\u00a0\u00bbslideInUp\u00a0\u00bb width=\u00a0\u00bb1\/3&Prime;]<div class=\"aio-icon-component    style_1\"><a class=\"aio-icon-box-link\" ><div id=\"Info-box-wrap-7229\" class=\"aio-icon-box top-icon\" style=\"\"  ><div class=\"aio-icon-top\"><div class=\"ult-just-icon-wrapper  \"><div class=\"align-icon\" style=\"text-align:center;\">\n<div class=\"aio-icon none \"  style=\"color:#333;font-size:60px;display:inline-block;\">\n\t<i class=\"linearicons-pencil-ruler\"><\/i>\n<\/div><\/div><\/div><\/div><div class=\"aio-icon-header\" ><h3 class=\"aio-icon-title ult-responsive\"  data-ultimate-target='#Info-box-wrap-7229 .aio-icon-title'  data-responsive-json-new='{\"font-size\":\"desktop:13px;\",\"line-height\":\"\"}'  style=\"font-family:&#039;Open Sans&#039;;font-weight:700;color:#3f3f3f;\">Professionnels \u00e0 votre service<\/h3><\/div> <!-- header --><\/div> <!-- aio-icon-box --><\/a><\/div> <!-- aio-icon-component --><div class=\"ult-spacer spacer-69dfcdbf97ea9\" data-id=\"69dfcdbf97ea9\" data-height=\"0\" data-height-mobile=\"40\" data-height-tab=\"\" data-height-tab-portrait=\"\" data-height-mobile-landscape=\"40\" style=\"clear:both;display:block;\"><\/div>[\/vc_column][vc_column css_animation=\u00a0\u00bbslideInUp\u00a0\u00bb width=\u00a0\u00bb1\/3&Prime;]<div class=\"aio-icon-component    style_1\"><a class=\"aio-icon-box-link\" ><div id=\"Info-box-wrap-8169\" class=\"aio-icon-box top-icon\" style=\"\"  ><div class=\"aio-icon-top\"><div class=\"ult-just-icon-wrapper  \"><div class=\"align-icon\" style=\"text-align:center;\">\n<div class=\"aio-icon none \"  style=\"color:#333;font-size:60px;display:inline-block;\">\n\t<i class=\"linearicons-gift\"><\/i>\n<\/div><\/div><\/div><\/div><div class=\"aio-icon-header\" ><h3 class=\"aio-icon-title ult-responsive\"  data-ultimate-target='#Info-box-wrap-8169 .aio-icon-title'  data-responsive-json-new='{\"font-size\":\"desktop:13px;\",\"line-height\":\"\"}'  style=\"font-family:&#039;Open Sans&#039;;font-weight:700;color:#3f3f3f;\">Produits de qualit\u00e9s<\/h3><\/div> <!-- header --><\/div> <!-- aio-icon-box --><\/a><\/div> <!-- aio-icon-component --><div class=\"ult-spacer spacer-69dfcdbf97f6f\" data-id=\"69dfcdbf97f6f\" data-height=\"0\" data-height-mobile=\"40\" data-height-tab=\"\" data-height-tab-portrait=\"\" data-height-mobile-landscape=\"40\" style=\"clear:both;display:block;\"><\/div>[\/vc_column][vc_column css_animation=\u00a0\u00bbslideInUp\u00a0\u00bb width=\u00a0\u00bb1\/3&Prime;]<div class=\"aio-icon-component    style_1\"><a class=\"aio-icon-box-link\" ><div id=\"Info-box-wrap-3565\" class=\"aio-icon-box top-icon\" style=\"\"  ><div class=\"aio-icon-top\"><div class=\"ult-just-icon-wrapper  \"><div class=\"align-icon\" style=\"text-align:center;\">\n<div class=\"aio-icon none \"  style=\"color:#333;font-size:60px;display:inline-block;\">\n\t<i class=\"linearicons-laptop-phone\"><\/i>\n<\/div><\/div><\/div><\/div><div class=\"aio-icon-header\" ><h3 class=\"aio-icon-title ult-responsive\"  data-ultimate-target='#Info-box-wrap-3565 .aio-icon-title'  data-responsive-json-new='{\"font-size\":\"desktop:13px;\",\"line-height\":\"\"}'  style=\"font-family:&#039;Open Sans&#039;;font-weight:700;color:#3f3f3f;\">R\u00e9ponses rapides<\/h3><\/div> <!-- header --><\/div> <!-- aio-icon-box --><\/a><\/div> <!-- aio-icon-component -->[\/vc_column][\/vc_row][vc_row full_width=\u00a0\u00bbstretch_row_content_no_spaces\u00a0\u00bb bg_type=\u00a0\u00bbbg_color\u00a0\u00bb bg_override=\u00a0\u00bbex-full\u00a0\u00bb css=\u00a0\u00bb.vc_custom_1480356215449{padding-top: 100px !important;}\u00a0\u00bb bg_color_value=\u00a0\u00bb#f7f7f7&Prime;][vc_column width=\u00a0\u00bb1\/2&Prime; el_class=\u00a0\u00bbwide-box-mobile\u00a0\u00bb][vc_row_inner css=\u00a0\u00bb.vc_custom_1652452063762{padding-left: 30px !important;}\u00a0\u00bb][vc_column_inner width=\u00a0\u00bb1\/4&Prime;][\/vc_column_inner][vc_column_inner el_class=\u00a0\u00bbhome-box1-mobile\u00a0\u00bb width=\u00a0\u00bb3\/4&Prime;][vc_empty_space height=\u00a0\u00bb60px\u00a0\u00bb][vc_custom_heading text=\u00a0\u00bbNOUS TRAVAILLONS DUR POUR VOUS\u00a0\u00bb font_container=\u00a0\u00bbtag:h2|font_size:26px|text_align:left\u00a0\u00bb use_theme_fonts=\u00a0\u00bbyes\u00a0\u00bb][vc_empty_space height=\u00a0\u00bb10px\u00a0\u00bb][vc_column_text]Vous cherchez un matelas de qualit\u00e9, confortable et durable ? Chez CIPEX, nous vous proposons une gamme de matelas adapt\u00e9s \u00e0 vos besoins et \u00e0 votre budget. Que vous pr\u00e9f\u00e9riez un matelas \u00e0 ressorts, en mousse ou \u00e0 m\u00e9moire de forme, vous trouverez chez nous le matelas id\u00e9al pour votre sommeil. Tous nos matelas sont fabriqu\u00e9s en Cote d&rsquo;ivoire, avec des mat\u00e9riaux de qualit\u00e9 et respectueux de l&rsquo;environnement. N&rsquo;attendez plus, d\u00e9couvrez notre catalogue en ligne et commandez votre matelas en quelques clics.[\/vc_column_text][vc_empty_space height=\u00a0\u00bb30px\u00a0\u00bb][vc_btn title=\u00a0\u00bbInnovations r\u00e9centes\u00a0\u00bb style=\u00a0\u00bboutline-custom\u00a0\u00bb outline_custom_color=\u00a0\u00bb#101010&Prime; outline_custom_hover_background=\u00a0\u00bb#101010&Prime; outline_custom_hover_text=\u00a0\u00bb#f2f2f2&Prime; shape=\u00a0\u00bbsquare\u00a0\u00bb size=\u00a0\u00bbxs\u00a0\u00bb css_animation=\u00a0\u00bbbottom-to-top\u00a0\u00bb link=\u00a0\u00bburl:https%3A%2F%2Fmondodo.ci%2Findex.php%2Fservices-2%2F|title:Services\u00a0\u00bb][vc_empty_space height=\u00a0\u00bb40px\u00a0\u00bb][\/vc_column_inner][\/vc_row_inner][\/vc_column][vc_column width=\u00a0\u00bb1\/2&Prime; el_class=\u00a0\u00bbwide-box-mobile\u00a0\u00bb][vc_single_image image=\u00a0\u00bb243&Prime; img_size=\u00a0\u00bbfull\u00a0\u00bb alignment=\u00a0\u00bbright\u00a0\u00bb][\/vc_column][\/vc_row][vc_row css=\u00a0\u00bb.vc_custom_1480355405059{padding-top: 120px !important;}\u00a0\u00bb el_id=\u00a0\u00bbabout\u00a0\u00bb][vc_column][vc_column_text]<\/p>\n<h1>\u201cPLUTOT FERME OU MOELLEUX, NOUS AVONS LE MATELAS QU&rsquo;IL VOUS FAUT&#8230;\u201d<\/h1>\n<p>&nbsp;<\/p>\n<p>&#8211; Ibrahim Fawaz &#8211; CEO MONDODO[\/vc_column_text][vc_empty_space height=\u00a0\u00bb100px\u00a0\u00bb][\/vc_column][\/vc_row][vc_row css=\u00a0\u00bb.vc_custom_1480354809822{padding-bottom: 120px !important;}\u00a0\u00bb][vc_column width=\u00a0\u00bb1\/3&Prime;][vc_custom_heading text=\u00a0\u00bbNOS VALEURS\u00a0\u00bb font_container=\u00a0\u00bbtag:h6|text_align:left\u00a0\u00bb use_theme_fonts=\u00a0\u00bbyes\u00a0\u00bb][vc_column_text]Nous sommes convaincus que le sommeil est essentiel pour la sant\u00e9 et le bien-\u00eatre de chacun. C&rsquo;est pourquoi nous nous engageons \u00e0 vous offrir des matelas de qualit\u00e9, adapt\u00e9s \u00e0 vos besoins et \u00e0 votre morphologie. Nous vous accompagnons dans le choix de votre matelas, en tenant compte de vos pr\u00e9f\u00e9rences de confort, de fermet\u00e9 et de soutien. Nous vous garantissons une livraison rapide et un service apr\u00e8s-vente r\u00e9actif.<\/p>\n<p>MONDODO, c&rsquo;est la garantie d&rsquo;un sommeil r\u00e9parateur et personnalis\u00e9.[\/vc_column_text]<div class=\"ult-spacer spacer-69dfcdbf98021\" data-id=\"69dfcdbf98021\" data-height=\"0\" data-height-mobile=\"40\" data-height-tab=\"\" data-height-tab-portrait=\"\" data-height-mobile-landscape=\"40\" style=\"clear:both;display:block;\"><\/div>[\/vc_column][vc_column width=\u00a0\u00bb1\/3&Prime;][vc_custom_heading text=\u00a0\u00bbNOTRE MISSION\u00a0\u00bb font_container=\u00a0\u00bbtag:h6|text_align:left\u00a0\u00bb use_theme_fonts=\u00a0\u00bbyes\u00a0\u00bb][vc_column_text]Nous avons une mission : vous offrir le meilleur sommeil possible. Pour cela, nous fabriquons des matelas adapt\u00e9s \u00e0 vos besoins, \u00e0 votre morphologie et \u00e0 vos pr\u00e9f\u00e9rences. Que vous soyez plut\u00f4t ferme ou moelleux, que vous dormiez seul ou \u00e0 deux, que vous ayez des probl\u00e8mes de dos ou d&rsquo;allergies, nous avons le matelas qu&rsquo;il vous faut. Nous utilisons des mat\u00e9riaux de qualit\u00e9, respectueux de l&rsquo;environnement et de votre sant\u00e9.<\/p>\n<p>Avec MONDODO, vous pouvez dormir sur vos deux oreilles ![\/vc_column_text]<div class=\"ult-spacer spacer-69dfcdbf98034\" data-id=\"69dfcdbf98034\" data-height=\"0\" data-height-mobile=\"40\" data-height-tab=\"\" data-height-tab-portrait=\"\" data-height-mobile-landscape=\"40\" style=\"clear:both;display:block;\"><\/div>[\/vc_column][vc_column width=\u00a0\u00bb1\/3&Prime;][vc_custom_heading text=\u00a0\u00bbNOS COMPETENCES\u00a0\u00bb font_container=\u00a0\u00bbtag:h6|text_align:left\u00a0\u00bb use_theme_fonts=\u00a0\u00bbyes\u00a0\u00bb][vc_empty_space height=\u00a0\u00bb25px\u00a0\u00bb][vc_progress_bar values=\u00a0\u00bb%5B%7B%22label%22%3A%22Consulting%22%2C%22value%22%3A%2290%22%7D%2C%7B%22label%22%3A%22Design%22%2C%22value%22%3A%2275%22%7D%2C%7B%22label%22%3A%22D%C3%A9veloppement%22%2C%22value%22%3A%2285%22%7D%5D\u00a0\u00bb bgcolor=\u00a0\u00bbcustom\u00a0\u00bb custombgcolor=\u00a0\u00bb#212121&Prime;]<div class=\"ult-spacer spacer-69dfcdbf9804a\" data-id=\"69dfcdbf9804a\" data-height=\"0\" data-height-mobile=\"40\" data-height-tab=\"\" data-height-tab-portrait=\"\" data-height-mobile-landscape=\"40\" style=\"clear:both;display:block;\"><\/div>[\/vc_column][\/vc_row]<\/p>\n<\/section>","protected":false},"excerpt":{"rendered":"<p>[vc_row css=\u00a0\u00bb.vc_custom_1481576227367{margin-top: 120px !important;margin-bottom: 60px !important;}\u00a0\u00bb][vc_column][vc_custom_heading text=\u00a0\u00bbBIENVENUE CHEZ MONDODO\u00a0\u00bb font_container=\u00a0\u00bbtag:h6|text_align:center\u00a0\u00bb use_theme_fonts=\u00a0\u00bbyes\u00a0\u00bb][vc_custom_heading text=\u00a0\u00bbA NOTRE PROPOS\u00a0\u00bb font_container=\u00a0\u00bbtag:h2|font_size:50px|text_align:center\u00a0\u00bb use_theme_fonts=\u00a0\u00bbyes\u00a0\u00bb][\/vc_column][\/vc_row][vc_row css=\u00a0\u00bb.vc_custom_1483915247814{padding-top: 40px !important;padding-bottom: 100px !important;}\u00a0\u00bb][vc_column css_animation=\u00a0\u00bbslideInUp\u00a0\u00bb width=\u00a0\u00bb1\/3&Prime;][\/vc_column][vc_column css_animation=\u00a0\u00bbslideInUp\u00a0\u00bb width=\u00a0\u00bb1\/3&Prime;][\/vc_column][vc_column css_animation=\u00a0\u00bbslideInUp\u00a0\u00bb width=\u00a0\u00bb1\/3&Prime;][\/vc_column][\/vc_row][vc_row full_width=\u00a0\u00bbstretch_row_content_no_spaces\u00a0\u00bb bg_type=\u00a0\u00bbbg_color\u00a0\u00bb bg_override=\u00a0\u00bbex-full\u00a0\u00bb css=\u00a0\u00bb.vc_custom_1480356215449{padding-top: 100px !important;}\u00a0\u00bb bg_color_value=\u00a0\u00bb#f7f7f7&Prime;][vc_column width=\u00a0\u00bb1\/2&Prime; el_class=\u00a0\u00bbwide-box-mobile\u00a0\u00bb][vc_row_inner css=\u00a0\u00bb.vc_custom_1652452063762{padding-left: 30px !important;}\u00a0\u00bb][vc_column_inner width=\u00a0\u00bb1\/4&Prime;][\/vc_column_inner][vc_column_inner el_class=\u00a0\u00bbhome-box1-mobile\u00a0\u00bb width=\u00a0\u00bb3\/4&Prime;][vc_empty_space height=\u00a0\u00bb60px\u00a0\u00bb][vc_custom_heading text=\u00a0\u00bbNOUS TRAVAILLONS DUR POUR VOUS\u00a0\u00bb font_container=\u00a0\u00bbtag:h2|font_size:26px|text_align:left\u00a0\u00bb use_theme_fonts=\u00a0\u00bbyes\u00a0\u00bb][vc_empty_space height=\u00a0\u00bb10px\u00a0\u00bb][vc_column_text]Vous cherchez un matelas de [&hellip;]<\/p>\n","protected":false},"author":1,"featured_media":0,"parent":0,"menu_order":0,"comment_status":"closed","ping_status":"closed","template":"one-page-template.php","meta":{"footnotes":""},"class_list":["post-241","page","type-page","status-publish","hentry"],"_links":{"self":[{"href":"https:\/\/mondodo.ci\/index.php\/wp-json\/wp\/v2\/pages\/241","targetHints":{"allow":["GET"]}}],"collection":[{"href":"https:\/\/mondodo.ci\/index.php\/wp-json\/wp\/v2\/pages"}],"about":[{"href":"https:\/\/mondodo.ci\/index.php\/wp-json\/wp\/v2\/types\/page"}],"author":[{"embeddable":true,"href":"https:\/\/mondodo.ci\/index.php\/wp-json\/wp\/v2\/users\/1"}],"replies":[{"embeddable":true,"href":"https:\/\/mondodo.ci\/index.php\/wp-json\/wp\/v2\/comments?post=241"}],"version-history":[{"count":16,"href":"https:\/\/mondodo.ci\/index.php\/wp-json\/wp\/v2\/pages\/241\/revisions"}],"predecessor-version":[{"id":444,"href":"https:\/\/mondodo.ci\/index.php\/wp-json\/wp\/v2\/pages\/241\/revisions\/444"}],"wp:attachment":[{"href":"https:\/\/mondodo.ci\/index.php\/wp-json\/wp\/v2\/media?parent=241"}],"curies":[{"name":"wp","href":"https:\/\/api.w.org\/{rel}","templated":true}]}}