{"id":247,"date":"2021-04-30T17:01:44","date_gmt":"2021-04-30T17:01:44","guid":{"rendered":"https:\/\/preview.treethemes.com\/hazel\/demo3\/?page_id=247"},"modified":"2023-04-22T13:51:28","modified_gmt":"2023-04-22T13:51:28","slug":"clients","status":"publish","type":"page","link":"https:\/\/mondodo.ci\/index.php\/clients\/","title":{"rendered":"Clients"},"content":{"rendered":"<section class=\"wpb-content-wrapper\"><p>[vc_row bg_type=\u00a0\u00bbbg_color\u00a0\u00bb bg_override=\u00a0\u00bbex-full\u00a0\u00bb css=\u00a0\u00bb.vc_custom_1482014693908{padding-top: 120px !important;padding-bottom: 60px !important;}\u00a0\u00bb bg_color_value=\u00a0\u00bb#f7f7f7&Prime;][vc_column][vc_custom_heading text=\u00a0\u00bbCE QUE NOS CLIENTS PENSENT\u00a0\u00bb font_container=\u00a0\u00bbtag:h2|text_align:center\u00a0\u00bb use_theme_fonts=\u00a0\u00bbyes\u00a0\u00bb][vc_empty_space height=\u00a0\u00bb60px\u00a0\u00bb]<div id=\"testimonials-container-1\" class=\"container testimonials style1 testimonials-align-center\"><div class=\"testimonial-box\"><ul class=\"testimonial-nav\"><li><a href=\"#testimonial-1\"  class=\"active\" ><img decoding=\"async\" alt=\"Testimonial #06\" src=\"https:\/\/mondodo.ci\/wp-content\/uploads\/2021\/04\/t1-2-80x80.jpg\" \/><div class=\"cover-test-img\"><\/div><\/a><\/li><li><a href=\"#testimonial-2\" ><img decoding=\"async\" alt=\"Testimonial #05\" src=\"https:\/\/mondodo.ci\/wp-content\/uploads\/2021\/04\/t6-1-80x80.jpeg\" \/><div class=\"cover-test-img\"><\/div><\/a><\/li><li><a href=\"#testimonial-3\" ><img decoding=\"async\" alt=\"Testimonial #04\" src=\"https:\/\/mondodo.ci\/wp-content\/uploads\/2021\/04\/t5-1-80x80.jpeg\" \/><div class=\"cover-test-img\"><\/div><\/a><\/li><li><a href=\"#testimonial-4\" ><img decoding=\"async\" alt=\"Testimonial #03\" src=\"https:\/\/mondodo.ci\/wp-content\/uploads\/2021\/04\/t3-1-80x80.jpeg\" \/><div class=\"cover-test-img\"><\/div><\/a><\/li><li><a href=\"#testimonial-5\" ><img decoding=\"async\" alt=\"Testimonial #02\" src=\"https:\/\/mondodo.ci\/wp-content\/uploads\/2021\/04\/t4-80x80.webp\" \/><div class=\"cover-test-img\"><\/div><\/a><\/li><li><a href=\"#testimonial-6\" ><img decoding=\"async\" alt=\"Testimonial #01\" src=\"https:\/\/mondodo.ci\/wp-content\/uploads\/2021\/04\/t2-1-80x80.jpeg\" \/><div class=\"cover-test-img\"><\/div><\/a><\/li><\/ul><div class=\"testimonials-content\"><div class=\"testimonial active\" id=\"testimonial-1\"><p style=\"text-align: center\">Je suis tr\u00e8s content de mon achat de matelas chez MONDODO. Le matelas est tr\u00e8s confortable, moelleux et soutenant \u00e0 la fois. Il \u00e9pouse parfaitement la forme de mon corps et me procure un sommeil de qualit\u00e9. Je n'ai plus mal au dos ni aux cervicales le matin. Le service client a \u00e9t\u00e9 tr\u00e8s professionnel et sympathique, la livraison a \u00e9t\u00e9 rapide et soign\u00e9e. Je recommande vivement ce produit et cette marque \u00e0 tous ceux qui cherchent un bon matelas \u00e0 un prix raisonnable.<\/p><span class=\"t-author-style1\">Kon\u00e9 Saidou<\/span><\/div><div class=\"testimonial\" id=\"testimonial-2\"><p style=\"text-align: center\">J'ai achet\u00e9 ce matelas sur un coup de t\u00eate et je ne le regrette pas du tout ! Il est tellement confortable que je n'arrive plus \u00e0 me lever le matin. Je dors comme un b\u00e9b\u00e9 et je fais des r\u00eaves merveilleux. C'est le meilleur achat de ma vie ! Je recommande ce matelas \u00e0 tous ceux qui veulent dormir sur un nuage.<\/p><span class=\"t-author-style1\">Mariam Konat\u00e9<\/span><\/div><div class=\"testimonial\" id=\"testimonial-3\"><p style=\"text-align: center\">Je suis ravi de mon achat. Le matelas est confortable, moelleux et de bonne qualit\u00e9. La livraison a \u00e9t\u00e9 rapide et le service client tr\u00e8s professionnel. Je recommande vivement ce produit et ce vendeur \u00e0 tous ceux qui cherchent un bon matelas.<\/p><span class=\"t-author-style1\">Camara Yaya<\/span><\/div><div class=\"testimonial\" id=\"testimonial-4\"><p style=\"text-align: center\">J'ai achet\u00e9 ce matelas il y a deux semaines et je suis tr\u00e8s content de mon choix. Il est confortable, moelleux et soutient bien mon dos. Je n'ai plus mal au r\u00e9veil et je dors comme un b\u00e9b\u00e9. Je recommande ce produit \u00e0 tous ceux qui cherchent un bon matelas \u00e0 un prix raisonnable.<\/p><span class=\"t-author-style1\">Ahmed Tour\u00e9 <br\/> <a href=\"#\">Compagnie<\/a><\/span><\/div><div class=\"testimonial\" id=\"testimonial-5\"><p style=\"text-align: center\">Je suis tr\u00e8s content de mon achat de matelas chez cette entreprise. Le matelas est confortable, de bonne qualit\u00e9 et livr\u00e9 rapidement. Le service client est \u00e9galement tr\u00e8s r\u00e9actif et professionnel. Je recommande vivement ce produit et cette marque \u00e0 tous ceux qui cherchent un bon matelas.<\/p><span class=\"t-author-style1\">Kone Draca<\/span><\/div><div class=\"testimonial\" id=\"testimonial-6\"><p style=\"text-align: left\">J'ai achet\u00e9 un matelas chez cette entreprise et je suis tr\u00e8s satisfait de mon achat. Le matelas est confortable, de bonne qualit\u00e9 et livr\u00e9 rapidement. Le service client est \u00e9galement tr\u00e8s r\u00e9actif et professionnel. Je recommande cette entreprise \u00e0 tous ceux qui cherchent un bon matelas.<\/p><span class=\"t-author-style1\">Maria Kon\u00e9<\/span><\/div><\/div><\/div><\/div>\n\t\t\t  <script type=\"text\/javascript\">\n\t\t\t  jQuery(document).ready(function(){\n\t\t\t\t\tvar who = jQuery('#testimonials-container-1');\n\t\t\t\t\twho.find('.testimonials-content').height( who.find('.testimonials-content .testimonial.active > p').height() + who.find('.testimonials-content .testimonial.active > span').height() +40 );\n\t\t\t\t\twho.find('.testimonial-nav a').on('click', function(e){\n\t\t\t\t\t\te.preventDefault();\n\t\t\t\t\t});\n\t\t\t\t\twho.find('.testimonial-nav a').on('mouseenter', function(){\n\t\t\t\t\t\twho.find('.testimonial-nav a').removeClass('active');\n\t\t\t\t\t\tjQuery(this).addClass('active');\n\t\t\t\t\t\twho.find('.testimonial.active').removeClass('active');\n\t\t\t\t\t\twho.find(jQuery(this).attr('href')).addClass('active');\n\t\t\t\t\t\twho.find('.testimonials-content').height( who.find('.testimonials-content .testimonial.active > p').height() + who.find('.testimonials-content .testimonial.active > span').height() +40 );\n\t\t\t\t\t});\n\t\t\t  });\n\t\t\t  <\/script>[vc_empty_space height=\u00a0\u00bb60px\u00a0\u00bb][vc_separator el_width=\u00a0\u00bb50&Prime;][vc_empty_space height=\u00a0\u00bb60px\u00a0\u00bb][vc_row_inner][vc_column_inner width=\u00a0\u00bb1\/6&Prime;][\/vc_column_inner][vc_column_inner width=\u00a0\u00bb1\/6&Prime;][vc_single_image image=\u00a0\u00bb340&Prime; img_size=\u00a0\u00bbfull\u00a0\u00bb alignment=\u00a0\u00bbcenter\u00a0\u00bb css_animation=\u00a0\u00bbbottom-to-top\u00a0\u00bb][\/vc_column_inner][vc_column_inner width=\u00a0\u00bb1\/6&Prime;][vc_single_image image=\u00a0\u00bb342&Prime; img_size=\u00a0\u00bbfull\u00a0\u00bb alignment=\u00a0\u00bbcenter\u00a0\u00bb css_animation=\u00a0\u00bbbottom-to-top\u00a0\u00bb][\/vc_column_inner][vc_column_inner width=\u00a0\u00bb1\/6&Prime;][vc_single_image image=\u00a0\u00bb341&Prime; img_size=\u00a0\u00bbfull\u00a0\u00bb alignment=\u00a0\u00bbcenter\u00a0\u00bb css_animation=\u00a0\u00bbbottom-to-top\u00a0\u00bb][\/vc_column_inner][vc_column_inner width=\u00a0\u00bb1\/6&Prime;][vc_single_image image=\u00a0\u00bb336&Prime; img_size=\u00a0\u00bbfull\u00a0\u00bb alignment=\u00a0\u00bbcenter\u00a0\u00bb css_animation=\u00a0\u00bbbottom-to-top\u00a0\u00bb][\/vc_column_inner][vc_column_inner width=\u00a0\u00bb1\/6&Prime;][\/vc_column_inner][\/vc_row_inner][\/vc_column][\/vc_row]<\/p>\n<\/section>","protected":false},"excerpt":{"rendered":"<p>[vc_row bg_type=\u00a0\u00bbbg_color\u00a0\u00bb bg_override=\u00a0\u00bbex-full\u00a0\u00bb css=\u00a0\u00bb.vc_custom_1482014693908{padding-top: 120px !important;padding-bottom: 60px !important;}\u00a0\u00bb bg_color_value=\u00a0\u00bb#f7f7f7&Prime;][vc_column][vc_custom_heading text=\u00a0\u00bbCE QUE NOS CLIENTS PENSENT\u00a0\u00bb font_container=\u00a0\u00bbtag:h2|text_align:center\u00a0\u00bb use_theme_fonts=\u00a0\u00bbyes\u00a0\u00bb][vc_empty_space height=\u00a0\u00bb60px\u00a0\u00bb][vc_empty_space height=\u00a0\u00bb60px\u00a0\u00bb][vc_separator el_width=\u00a0\u00bb50&Prime;][vc_empty_space height=\u00a0\u00bb60px\u00a0\u00bb][vc_row_inner][vc_column_inner width=\u00a0\u00bb1\/6&Prime;][\/vc_column_inner][vc_column_inner width=\u00a0\u00bb1\/6&Prime;][vc_single_image image=\u00a0\u00bb340&Prime; img_size=\u00a0\u00bbfull\u00a0\u00bb alignment=\u00a0\u00bbcenter\u00a0\u00bb css_animation=\u00a0\u00bbbottom-to-top\u00a0\u00bb][\/vc_column_inner][vc_column_inner width=\u00a0\u00bb1\/6&Prime;][vc_single_image image=\u00a0\u00bb342&Prime; img_size=\u00a0\u00bbfull\u00a0\u00bb alignment=\u00a0\u00bbcenter\u00a0\u00bb css_animation=\u00a0\u00bbbottom-to-top\u00a0\u00bb][\/vc_column_inner][vc_column_inner width=\u00a0\u00bb1\/6&Prime;][vc_single_image image=\u00a0\u00bb341&Prime; img_size=\u00a0\u00bbfull\u00a0\u00bb alignment=\u00a0\u00bbcenter\u00a0\u00bb css_animation=\u00a0\u00bbbottom-to-top\u00a0\u00bb][\/vc_column_inner][vc_column_inner width=\u00a0\u00bb1\/6&Prime;][vc_single_image image=\u00a0\u00bb336&Prime; img_size=\u00a0\u00bbfull\u00a0\u00bb alignment=\u00a0\u00bbcenter\u00a0\u00bb css_animation=\u00a0\u00bbbottom-to-top\u00a0\u00bb][\/vc_column_inner][vc_column_inner width=\u00a0\u00bb1\/6&Prime;][\/vc_column_inner][\/vc_row_inner][\/vc_column][\/vc_row]<\/p>\n","protected":false},"author":1,"featured_media":0,"parent":0,"menu_order":0,"comment_status":"closed","ping_status":"closed","template":"one-page-template.php","meta":{"footnotes":""},"class_list":["post-247","page","type-page","status-publish","hentry"],"_links":{"self":[{"href":"https:\/\/mondodo.ci\/index.php\/wp-json\/wp\/v2\/pages\/247","targetHints":{"allow":["GET"]}}],"collection":[{"href":"https:\/\/mondodo.ci\/index.php\/wp-json\/wp\/v2\/pages"}],"about":[{"href":"https:\/\/mondodo.ci\/index.php\/wp-json\/wp\/v2\/types\/page"}],"author":[{"embeddable":true,"href":"https:\/\/mondodo.ci\/index.php\/wp-json\/wp\/v2\/users\/1"}],"replies":[{"embeddable":true,"href":"https:\/\/mondodo.ci\/index.php\/wp-json\/wp\/v2\/comments?post=247"}],"version-history":[{"count":4,"href":"https:\/\/mondodo.ci\/index.php\/wp-json\/wp\/v2\/pages\/247\/revisions"}],"predecessor-version":[{"id":343,"href":"https:\/\/mondodo.ci\/index.php\/wp-json\/wp\/v2\/pages\/247\/revisions\/343"}],"wp:attachment":[{"href":"https:\/\/mondodo.ci\/index.php\/wp-json\/wp\/v2\/media?parent=247"}],"curies":[{"name":"wp","href":"https:\/\/api.w.org\/{rel}","templated":true}]}}